{"id":23,"date":"2020-04-29T18:46:12","date_gmt":"2020-04-29T16:46:12","guid":{"rendered":"http:\/\/www.cosmoespai.com\/cat\/?page_id=23"},"modified":"2020-04-29T19:22:48","modified_gmt":"2020-04-29T17:22:48","slug":"contactar","status":"publish","type":"page","link":"https:\/\/www.cosmoespai.com\/cat\/contactar\/","title":{"rendered":"Contactar"},"content":{"rendered":"\n<p>Si vols contactar amb mi pots fer-ho mitjan\u00e7ant aquest formulari:<\/p>\n\n\n\n\n<div class=\"wpcf7 no-js\" id=\"wpcf7-f31-o1\" lang=\"ca\" dir=\"ltr\">\n<div class=\"screen-reader-response\"><p role=\"status\" aria-live=\"polite\" aria-atomic=\"true\"><\/p> <ul><\/ul><\/div>\n<form action=\"\/cat\/wp-json\/wp\/v2\/pages\/23#wpcf7-f31-o1\" method=\"post\" class=\"wpcf7-form init\" aria-label=\"Formulari de contacte\" novalidate=\"novalidate\" data-status=\"init\">\n<div style=\"display: none;\">\n<input type=\"hidden\" name=\"_wpcf7\" value=\"31\" \/>\n<input type=\"hidden\" name=\"_wpcf7_version\" value=\"5.8\" \/>\n<input type=\"hidden\" name=\"_wpcf7_locale\" value=\"ca\" \/>\n<input type=\"hidden\" name=\"_wpcf7_unit_tag\" value=\"wpcf7-f31-o1\" \/>\n<input type=\"hidden\" name=\"_wpcf7_container_post\" value=\"0\" \/>\n<input type=\"hidden\" name=\"_wpcf7_posted_data_hash\" value=\"\" \/>\n<\/div>\n<p><label> Nom (obligatori)<br \/>\n<span class=\"wpcf7-form-control-wrap\" data-name=\"your-name\"><input size=\"40\" class=\"wpcf7-form-control wpcf7-text wpcf7-validates-as-required\" aria-required=\"true\" aria-invalid=\"false\" value=\"\" type=\"text\" name=\"your-name\" \/><\/span> <\/label>\n<\/p>\n<p><label> Correu electr\u00f2nic (obligatori)<br \/>\n<span class=\"wpcf7-form-control-wrap\" data-name=\"your-email\"><input size=\"40\" class=\"wpcf7-form-control wpcf7-email wpcf7-validates-as-required wpcf7-text wpcf7-validates-as-email\" aria-required=\"true\" aria-invalid=\"false\" value=\"\" type=\"email\" name=\"your-email\" \/><\/span> <\/label>\n<\/p>\n<p><label> Assumpte<br \/>\n<span class=\"wpcf7-form-control-wrap\" data-name=\"your-subject\"><input size=\"40\" class=\"wpcf7-form-control wpcf7-text\" aria-invalid=\"false\" value=\"\" type=\"text\" name=\"your-subject\" \/><\/span> <\/label>\n<\/p>\n<p><label> Missatge<br \/>\n<span class=\"wpcf7-form-control-wrap\" data-name=\"your-message\"><textarea cols=\"40\" rows=\"10\" class=\"wpcf7-form-control wpcf7-textarea\" aria-invalid=\"false\" name=\"your-message\"><\/textarea><\/span> <\/label>\n<\/p>\n<p><input class=\"wpcf7-form-control wpcf7-submit has-spinner\" type=\"submit\" value=\"Envia\" \/>\n<\/p><p style=\"display: none !important;\"><label>&#916;<textarea name=\"_wpcf7_ak_hp_textarea\" cols=\"45\" rows=\"8\" maxlength=\"100\"><\/textarea><\/label><input type=\"hidden\" id=\"ak_js_1\" name=\"_wpcf7_ak_js\" value=\"118\"\/><script>document.getElementById( \"ak_js_1\" ).setAttribute( \"value\", ( new Date() ).getTime() );<\/script><\/p><div class=\"wpcf7-response-output\" aria-hidden=\"true\"><\/div>\n<\/form>\n<\/div>\n\n","protected":false},"excerpt":{"rendered":"<p>Si vols contactar amb mi pots fer-ho mitjan\u00e7ant aquest formulari:<\/p>\n","protected":false},"author":1,"featured_media":0,"parent":0,"menu_order":0,"comment_status":"closed","ping_status":"closed","template":"","meta":{"_mi_skip_tracking":false,"_monsterinsights_sitenote_active":false,"_monsterinsights_sitenote_note":"","_monsterinsights_sitenote_category":0,"jetpack_post_was_ever_published":false},"jetpack_sharing_enabled":true,"jetpack_likes_enabled":true,"jetpack-related-posts":[{"id":14,"url":"https:\/\/www.cosmoespai.com\/cat\/sobre-mi\/","url_meta":{"origin":23,"position":0},"title":"Sobre mi","author":"Ferran","date":"29 d'abril de 2020","format":false,"excerpt":"M\u2019agrada molt la ci\u00e8ncia i astronomia. En aquesta web anir\u00e9 escrivint regularment articles relacionats en aquests dominis de la ci\u00e8ncia. La meva passi\u00f3 per l\u2019espai va comen\u00e7ar quan, al 2018, vaig anar a la ciutat de l\u2019espai de Toulouse. Des de llavors llegeixo sobre ci\u00e8ncia i astronomia, que \u00e9s un\u2026","rel":"","context":"Entrada similar","block_context":{"text":"Entrada similar","link":""},"img":{"alt_text":"","src":"","width":0,"height":0},"classes":[]}],"_links":{"self":[{"href":"https:\/\/www.cosmoespai.com\/cat\/wp-json\/wp\/v2\/pages\/23"}],"collection":[{"href":"https:\/\/www.cosmoespai.com\/cat\/wp-json\/wp\/v2\/pages"}],"about":[{"href":"https:\/\/www.cosmoespai.com\/cat\/wp-json\/wp\/v2\/types\/page"}],"author":[{"embeddable":true,"href":"https:\/\/www.cosmoespai.com\/cat\/wp-json\/wp\/v2\/users\/1"}],"replies":[{"embeddable":true,"href":"https:\/\/www.cosmoespai.com\/cat\/wp-json\/wp\/v2\/comments?post=23"}],"version-history":[{"count":2,"href":"https:\/\/www.cosmoespai.com\/cat\/wp-json\/wp\/v2\/pages\/23\/revisions"}],"predecessor-version":[{"id":32,"href":"https:\/\/www.cosmoespai.com\/cat\/wp-json\/wp\/v2\/pages\/23\/revisions\/32"}],"wp:attachment":[{"href":"https:\/\/www.cosmoespai.com\/cat\/wp-json\/wp\/v2\/media?parent=23"}],"curies":[{"name":"wp","href":"https:\/\/api.w.org\/{rel}","templated":true}]}}