{"id":14,"date":"2020-04-29T18:34:38","date_gmt":"2020-04-29T16:34:38","guid":{"rendered":"http:\/\/www.cosmoespai.com\/cat\/?page_id=14"},"modified":"2020-04-29T18:34:38","modified_gmt":"2020-04-29T16:34:38","slug":"sobre-mi","status":"publish","type":"page","link":"https:\/\/www.cosmoespai.com\/cat\/sobre-mi\/","title":{"rendered":"Sobre mi"},"content":{"rendered":"\n<p>M\u2019agrada molt la ci\u00e8ncia i astronomia. En aquesta web anir\u00e9 escrivint regularment articles relacionats en aquests dominis de la ci\u00e8ncia.<\/p>\n\n\n\n<p>La meva passi\u00f3 per l\u2019espai va comen\u00e7ar quan, al 2018, vaig anar a la ciutat de l\u2019espai de Toulouse. Des de llavors llegeixo sobre ci\u00e8ncia i astronomia, que \u00e9s un tema que m\u2019apassiona. La ci\u00e8ncia dona abast per escriure moltes coses, i per aix\u00f2 vaig decidir crear aquesta web apart d\u2019ensenyar coses sobre els misteris de la ci\u00e8ncia.<\/p>\n\n\n\n<p>En aquestes p\u00e0gines escriur\u00e9 articles de ci\u00e8ncia que aniran des de casa nostra, la Terra i el sistema solar fins a les estrelles i els confins de l\u2019univers.<\/p>\n\n\n\n<p>Ferran<\/p>\n","protected":false},"excerpt":{"rendered":"<p>M\u2019agrada molt la ci\u00e8ncia i astronomia. En aquesta web anir\u00e9 escrivint regularment articles relacionats en aquests dominis de la ci\u00e8ncia. La meva passi\u00f3 per l\u2019espai<span class=\"read-more-link\"><a class=\"read-more\" href=\"https:\/\/www.cosmoespai.com\/cat\/sobre-mi\/\">Continuar llegint<\/a><\/span><\/p>\n","protected":false},"author":1,"featured_media":0,"parent":0,"menu_order":0,"comment_status":"closed","ping_status":"closed","template":"","meta":{"_mi_skip_tracking":false,"_monsterinsights_sitenote_active":false,"_monsterinsights_sitenote_note":"","_monsterinsights_sitenote_category":0,"jetpack_post_was_ever_published":false},"jetpack_sharing_enabled":true,"jetpack_likes_enabled":true,"jetpack-related-posts":[{"id":2,"url":"https:\/\/www.cosmoespai.com\/cat\/pagina-exemple\/","url_meta":{"origin":14,"position":0},"title":"P\u00e0gina d&#8217;exemple","author":"Ferran","date":"20 d'abril de 2020","format":false,"excerpt":"Aquest \u00e9s una p\u00e0gina d'exemple. \u00c9s diferent d'una entrada del blog perqu\u00e8 es mantindr\u00e0 en un lloc i apareixer\u00e0 a la navegaci\u00f3 del lloc (a la majoria de temes). Molta gent comen\u00e7a amb la p\u00e0gina \u00abQuant a\u00bb, que els presenta als potencials visitants del lloc web. Podria dir alguna cosa\u2026","rel":"","context":"Entrada similar","block_context":{"text":"Entrada similar","link":""},"img":{"alt_text":"","src":"","width":0,"height":0},"classes":[]}],"_links":{"self":[{"href":"https:\/\/www.cosmoespai.com\/cat\/wp-json\/wp\/v2\/pages\/14"}],"collection":[{"href":"https:\/\/www.cosmoespai.com\/cat\/wp-json\/wp\/v2\/pages"}],"about":[{"href":"https:\/\/www.cosmoespai.com\/cat\/wp-json\/wp\/v2\/types\/page"}],"author":[{"embeddable":true,"href":"https:\/\/www.cosmoespai.com\/cat\/wp-json\/wp\/v2\/users\/1"}],"replies":[{"embeddable":true,"href":"https:\/\/www.cosmoespai.com\/cat\/wp-json\/wp\/v2\/comments?post=14"}],"version-history":[{"count":1,"href":"https:\/\/www.cosmoespai.com\/cat\/wp-json\/wp\/v2\/pages\/14\/revisions"}],"predecessor-version":[{"id":15,"href":"https:\/\/www.cosmoespai.com\/cat\/wp-json\/wp\/v2\/pages\/14\/revisions\/15"}],"wp:attachment":[{"href":"https:\/\/www.cosmoespai.com\/cat\/wp-json\/wp\/v2\/media?parent=14"}],"curies":[{"name":"wp","href":"https:\/\/api.w.org\/{rel}","templated":true}]}}